{"id":2571,"date":"2025-05-29T11:54:35","date_gmt":"2025-05-29T08:54:35","guid":{"rendered":"https:\/\/www.catsis.com.tr\/?page_id=2571"},"modified":"2025-06-04T14:39:49","modified_gmt":"2025-06-04T11:39:49","slug":"geri-bildirim-formu","status":"publish","type":"page","link":"https:\/\/www.catsis.com.tr\/en\/contact-us\/feedback-form\/","title":{"rendered":"Feedback Form"},"content":{"rendered":"<p>\n<div class=\"wpcf7 no-js\" id=\"wpcf7-f2570-o2\" lang=\"tr-TR\" dir=\"ltr\" data-wpcf7-id=\"2570\">\n<div class=\"screen-reader-response\"><p role=\"status\" aria-live=\"polite\" aria-atomic=\"true\"><\/p> <ul><\/ul><\/div>\n<form action=\"\/en\/wp-json\/wp\/v2\/pages\/2571#wpcf7-f2570-o2\" method=\"post\" class=\"wpcf7-form init wpcf7-acceptance-as-validation\" aria-label=\"\u0130leti\u015fim Formu\" novalidate=\"novalidate\" data-status=\"init\">\n<fieldset class=\"hidden-fields-container\"><input type=\"hidden\" name=\"_wpcf7\" value=\"2570\" \/><input type=\"hidden\" name=\"_wpcf7_version\" value=\"6.1.5\" \/><input type=\"hidden\" name=\"_wpcf7_locale\" value=\"tr_TR\" \/><input type=\"hidden\" name=\"_wpcf7_unit_tag\" value=\"wpcf7-f2570-o2\" \/><input type=\"hidden\" name=\"_wpcf7_container_post\" value=\"0\" \/><input type=\"hidden\" name=\"_wpcf7_posted_data_hash\" value=\"\" \/><input type=\"hidden\" name=\"_wpcf7_recaptcha_response\" value=\"\" \/>\n<\/fieldset>\n<div class=\"wpcf7-turnstile cf-turnstile\" data-sitekey=\"0x4AAAAAABi7I7qUgu40Yb_8\" data-response-field-name=\"_wpcf7_turnstile_response\"><\/div>\n\n<field>\n\t<p><label>Tarih: <span class=\"wpcf7-form-control-wrap\" data-name=\"date-574\"><input class=\"wpcf7-form-control wpcf7-date wpcf7-validates-as-required wpcf7-validates-as-date\" aria-required=\"true\" aria-invalid=\"false\" value=\"\" type=\"date\" name=\"date-574\" \/><\/span><\/label>\n\t<\/p>\n\t<p><label>Konu: <span class=\"wpcf7-form-control-wrap\" data-name=\"select-366\"><select class=\"wpcf7-form-control wpcf7-select wpcf7-validates-as-required\" aria-required=\"true\" aria-invalid=\"false\" name=\"select-366\"><option value=\"\">Konu Se\u00e7iniz<\/option><option value=\"\u015eikayet\">\u015eikayet<\/option><option value=\"\u0130stek &amp; \u00d6neri\">\u0130stek &amp; \u00d6neri<\/option><\/select><\/span><\/label>\n\t<\/p>\n\t<p><label> \u015eikayet, \u0130stek ve \u00d6nerinizi (bu alana detayl\u0131 olarak belirtiniz.) <span class=\"wpcf7-form-control-wrap\" data-name=\"your-message\"><textarea cols=\"40\" rows=\"10\" maxlength=\"2000\" minlength=\"5\" class=\"wpcf7-form-control wpcf7-textarea\" aria-invalid=\"false\" name=\"your-message\"><\/textarea><\/span><br \/>\n<\/label><br \/>\n1700 - <span class=\"wpcf7-character-count up\" data-target-name=\"your-message\" data-starting-value=\"0\" data-current-value=\"0\" data-minimum-value=\"5\">0<\/span>\n\t<\/p>\n\t<p><label>\u00d6nerilen \u00c7\u00f6z\u00fcm: <span class=\"wpcf7-form-control-wrap\" data-name=\"textarea-978\"><textarea cols=\"40\" rows=\"10\" maxlength=\"2000\" minlength=\"5\" class=\"wpcf7-form-control wpcf7-textarea wpcf7-validates-as-required\" aria-required=\"true\" aria-invalid=\"false\" name=\"textarea-978\"><\/textarea><\/span><\/label>\n\t<\/p>\n\t<p>1700 - <span class=\"wpcf7-character-count up\" data-target-name=\"textarea-978\" data-starting-value=\"0\" data-current-value=\"0\" data-minimum-value=\"5\">0<\/span>\n\t<\/p>\n\t<p><label> Ad\u0131n\u0131z Soyad\u0131n\u0131z <i>(iste\u011fe ba\u011fl\u0131)<\/i><br \/>\n<span class=\"wpcf7-form-control-wrap\" data-name=\"your-name\"><input size=\"40\" maxlength=\"400\" class=\"wpcf7-form-control wpcf7-text\" autocomplete=\"name\" aria-invalid=\"false\" value=\"\" type=\"text\" name=\"your-name\" \/><\/span> <\/label><br \/>\n<label> E-posta adresiniz <i>(iste\u011fe ba\u011fl\u0131)<\/i><br \/>\n<span class=\"wpcf7-form-control-wrap\" data-name=\"your-email\"><input size=\"40\" maxlength=\"400\" class=\"wpcf7-form-control wpcf7-email wpcf7-text wpcf7-validates-as-email\" autocomplete=\"email\" aria-invalid=\"false\" value=\"\" type=\"email\" name=\"your-email\" \/><\/span> <\/label>\n\t<\/p>\n\t<p><span class=\"wpcf7-form-control-wrap\" data-name=\"acceptance-779\"><span class=\"wpcf7-form-control wpcf7-acceptance optional\"><span class=\"wpcf7-list-item\"><label><input type=\"checkbox\" name=\"acceptance-779\" value=\"1\" aria-invalid=\"false\" \/><span class=\"wpcf7-list-item-label\"><a href=\"https:\/\/www.catsis.com.tr\/verilerin-korunmasi-kvkk\/\" target=\"_blank\">Bilgilendirme Metni<\/a> Okudum Kabul Ediyorum!<\/span><\/label><\/span><\/span><\/span>\n\t<\/p>\n\t<p><input class=\"wpcf7-form-control wpcf7-submit has-spinner\" type=\"submit\" value=\"G\u00f6nder\" \/>\n\t<\/p>\n<\/field><div class=\"wpcf7-response-output\" aria-hidden=\"true\"><\/div>\n<\/form>\n<\/div>\n<\/p>","protected":false},"excerpt":{"rendered":"","protected":false},"author":2,"featured_media":0,"parent":100,"menu_order":0,"comment_status":"closed","ping_status":"closed","template":"","meta":{"footnotes":""},"class_list":["post-2571","page","type-page","status-publish","hentry"],"yoast_head":"<!-- This site is optimized with the Yoast SEO plugin v27.4 - https:\/\/yoast.com\/product\/yoast-seo-wordpress\/ -->\n<title>Feedback Form - Catsis Felt Industry and Trade Inc.<\/title>\n<meta name=\"description\" content=\"Feedback Form\" \/>\n<meta name=\"robots\" content=\"index, follow, max-snippet:-1, max-image-preview:large, max-video-preview:-1\" \/>\n<link rel=\"canonical\" href=\"https:\/\/www.catsis.com.tr\/en\/iletisim\/geri-bildirim-formu\/\" \/>\n<meta property=\"og:locale\" content=\"en_US\" \/>\n<meta property=\"og:type\" content=\"article\" \/>\n<meta property=\"og:title\" content=\"Feedback Form - Catsis Felt Industry and Trade Inc.\" \/>\n<meta property=\"og:description\" content=\"Feedback Form\" \/>\n<meta property=\"og:url\" content=\"https:\/\/www.catsis.com.tr\/en\/iletisim\/geri-bildirim-formu\/\" \/>\n<meta property=\"og:site_name\" content=\"Catsis Felt Industry and Trade Inc.\" \/>\n<meta property=\"article:publisher\" content=\"https:\/\/www.facebook.com\/catsis.com.tr\" \/>\n<meta property=\"article:modified_time\" content=\"2025-06-04T11:39:49+00:00\" \/>\n<meta property=\"og:image\" content=\"https:\/\/www.catsis.com.tr\/wp-content\/uploads\/GSirket_Catsis.png\" \/>\n\t<meta property=\"og:image:width\" content=\"1020\" \/>\n\t<meta property=\"og:image:height\" content=\"450\" \/>\n\t<meta property=\"og:image:type\" content=\"image\/png\" \/>\n<meta name=\"twitter:card\" content=\"summary_large_image\" \/>\n<meta name=\"twitter:site\" content=\"@Catsis_AS\" \/>\n<meta name=\"twitter:label1\" content=\"Est. reading time\" \/>\n\t<meta name=\"twitter:data1\" content=\"1 minute\" \/>\n<script type=\"application\/ld+json\" class=\"yoast-schema-graph\">{\"@context\":\"https:\\\/\\\/schema.org\",\"@graph\":[{\"@type\":\"WebPage\",\"@id\":\"https:\\\/\\\/www.catsis.com.tr\\\/en\\\/iletisim\\\/geri-bildirim-formu\\\/\",\"url\":\"https:\\\/\\\/www.catsis.com.tr\\\/en\\\/iletisim\\\/geri-bildirim-formu\\\/\",\"name\":\"Feedback Form - Catsis Felt Industry and Trade Inc.\",\"isPartOf\":{\"@id\":\"https:\\\/\\\/www.catsis.com.tr\\\/en\\\/#website\"},\"datePublished\":\"2025-05-29T08:54:35+00:00\",\"dateModified\":\"2025-06-04T11:39:49+00:00\",\"description\":\"Feedback Form\",\"breadcrumb\":{\"@id\":\"https:\\\/\\\/www.catsis.com.tr\\\/en\\\/iletisim\\\/geri-bildirim-formu\\\/#breadcrumb\"},\"inLanguage\":\"en-US\",\"potentialAction\":[{\"@type\":\"ReadAction\",\"target\":[[\"https:\\\/\\\/www.catsis.com.tr\\\/en\\\/iletisim\\\/geri-bildirim-formu\\\/\"]]}]},{\"@type\":\"BreadcrumbList\",\"@id\":\"https:\\\/\\\/www.catsis.com.tr\\\/en\\\/iletisim\\\/geri-bildirim-formu\\\/#breadcrumb\",\"itemListElement\":[{\"@type\":\"ListItem\",\"position\":1,\"name\":\"Ana sayfa\",\"item\":\"https:\\\/\\\/www.catsis.com.tr\\\/en\\\/\"},{\"@type\":\"ListItem\",\"position\":2,\"name\":\"\u0130leti\u015fim\",\"item\":\"https:\\\/\\\/www.catsis.com.tr\\\/en\\\/iletisim\\\/\"},{\"@type\":\"ListItem\",\"position\":3,\"name\":\"Geri Bildirim Formu\"}]},{\"@type\":\"WebSite\",\"@id\":\"https:\\\/\\\/www.catsis.com.tr\\\/en\\\/#website\",\"url\":\"https:\\\/\\\/www.catsis.com.tr\\\/en\\\/\",\"name\":\"Catsis Felt Industry and Trade Inc.\",\"description\":\"\",\"publisher\":{\"@id\":\"https:\\\/\\\/www.catsis.com.tr\\\/en\\\/#organization\"},\"potentialAction\":[{\"@type\":\"SearchAction\",\"target\":{\"@type\":\"EntryPoint\",\"urlTemplate\":\"https:\\\/\\\/www.catsis.com.tr\\\/en\\\/?s={search_term_string}\"},\"query-input\":{\"@type\":\"PropertyValueSpecification\",\"valueRequired\":true,\"valueName\":\"search_term_string\"}}],\"inLanguage\":\"en-US\"},{\"@type\":\"Organization\",\"@id\":\"https:\\\/\\\/www.catsis.com.tr\\\/en\\\/#organization\",\"name\":\"Catsis Ke\u00e7e Sanayi ve Ticaret A.\u015e.\",\"url\":\"https:\\\/\\\/www.catsis.com.tr\\\/en\\\/\",\"logo\":{\"@type\":\"ImageObject\",\"inLanguage\":\"en-US\",\"@id\":\"https:\\\/\\\/www.catsis.com.tr\\\/en\\\/#\\\/schema\\\/logo\\\/image\\\/\",\"url\":\"https:\\\/\\\/www.catsis.com.tr\\\/wp-content\\\/uploads\\\/Catsis_Web_logo.png\",\"contentUrl\":\"https:\\\/\\\/www.catsis.com.tr\\\/wp-content\\\/uploads\\\/Catsis_Web_logo.png\",\"width\":202,\"height\":102,\"caption\":\"Catsis Ke\u00e7e Sanayi ve Ticaret A.\u015e.\"},\"image\":{\"@id\":\"https:\\\/\\\/www.catsis.com.tr\\\/en\\\/#\\\/schema\\\/logo\\\/image\\\/\"},\"sameAs\":[\"https:\\\/\\\/www.facebook.com\\\/catsis.com.tr\",\"https:\\\/\\\/x.com\\\/Catsis_AS\",\"https:\\\/\\\/www.instagram.com\\\/catsis.com.tr\\\/\",\"https:\\\/\\\/www.pinterest.com\\\/CatsisAS\\\/\",\"https:\\\/\\\/www.youtube.com\\\/channel\\\/UCOqeMuSbH9mYV_MycZ8BDvg\",\"https:\\\/\\\/www.linkedin.com\\\/company\\\/catsis\"]}]}<\/script>\n<!-- \/ Yoast SEO plugin. -->","yoast_head_json":{"title":"Feedback Form - Catsis Felt Industry and Trade Inc.","description":"Feedback Form","robots":{"index":"index","follow":"follow","max-snippet":"max-snippet:-1","max-image-preview":"max-image-preview:large","max-video-preview":"max-video-preview:-1"},"canonical":"https:\/\/www.catsis.com.tr\/en\/iletisim\/geri-bildirim-formu\/","og_locale":"en_US","og_type":"article","og_title":"Feedback Form - Catsis Felt Industry and Trade Inc.","og_description":"Feedback Form","og_url":"https:\/\/www.catsis.com.tr\/en\/iletisim\/geri-bildirim-formu\/","og_site_name":"Catsis Felt Industry and Trade Inc.","article_publisher":"https:\/\/www.facebook.com\/catsis.com.tr","article_modified_time":"2025-06-04T11:39:49+00:00","og_image":[{"width":1020,"height":450,"url":"https:\/\/www.catsis.com.tr\/wp-content\/uploads\/GSirket_Catsis.png","type":"image\/png"}],"twitter_card":"summary_large_image","twitter_site":"@Catsis_AS","twitter_misc":{"Est. reading time":"1 minute"},"schema":{"@context":"https:\/\/schema.org","@graph":[{"@type":"WebPage","@id":"https:\/\/www.catsis.com.tr\/en\/iletisim\/geri-bildirim-formu\/","url":"https:\/\/www.catsis.com.tr\/en\/iletisim\/geri-bildirim-formu\/","name":"Feedback Form - Catsis Felt Industry and Trade Inc.","isPartOf":{"@id":"https:\/\/www.catsis.com.tr\/en\/#website"},"datePublished":"2025-05-29T08:54:35+00:00","dateModified":"2025-06-04T11:39:49+00:00","description":"Feedback Form","breadcrumb":{"@id":"https:\/\/www.catsis.com.tr\/en\/iletisim\/geri-bildirim-formu\/#breadcrumb"},"inLanguage":"en-US","potentialAction":[{"@type":"ReadAction","target":[["https:\/\/www.catsis.com.tr\/en\/iletisim\/geri-bildirim-formu\/"]]}]},{"@type":"BreadcrumbList","@id":"https:\/\/www.catsis.com.tr\/en\/iletisim\/geri-bildirim-formu\/#breadcrumb","itemListElement":[{"@type":"ListItem","position":1,"name":"Ana sayfa","item":"https:\/\/www.catsis.com.tr\/en\/"},{"@type":"ListItem","position":2,"name":"\u0130leti\u015fim","item":"https:\/\/www.catsis.com.tr\/en\/iletisim\/"},{"@type":"ListItem","position":3,"name":"Geri Bildirim Formu"}]},{"@type":"WebSite","@id":"https:\/\/www.catsis.com.tr\/en\/#website","url":"https:\/\/www.catsis.com.tr\/en\/","name":"Catsis Felt Industry and Trade Inc.","description":"","publisher":{"@id":"https:\/\/www.catsis.com.tr\/en\/#organization"},"potentialAction":[{"@type":"SearchAction","target":{"@type":"EntryPoint","urlTemplate":"https:\/\/www.catsis.com.tr\/en\/?s={search_term_string}"},"query-input":{"@type":"PropertyValueSpecification","valueRequired":true,"valueName":"search_term_string"}}],"inLanguage":"en-US"},{"@type":"Organization","@id":"https:\/\/www.catsis.com.tr\/en\/#organization","name":"Catsis Ke\u00e7e Sanayi ve Ticaret A.\u015e.","url":"https:\/\/www.catsis.com.tr\/en\/","logo":{"@type":"ImageObject","inLanguage":"en-US","@id":"https:\/\/www.catsis.com.tr\/en\/#\/schema\/logo\/image\/","url":"https:\/\/www.catsis.com.tr\/wp-content\/uploads\/Catsis_Web_logo.png","contentUrl":"https:\/\/www.catsis.com.tr\/wp-content\/uploads\/Catsis_Web_logo.png","width":202,"height":102,"caption":"Catsis Ke\u00e7e Sanayi ve Ticaret A.\u015e."},"image":{"@id":"https:\/\/www.catsis.com.tr\/en\/#\/schema\/logo\/image\/"},"sameAs":["https:\/\/www.facebook.com\/catsis.com.tr","https:\/\/x.com\/Catsis_AS","https:\/\/www.instagram.com\/catsis.com.tr\/","https:\/\/www.pinterest.com\/CatsisAS\/","https:\/\/www.youtube.com\/channel\/UCOqeMuSbH9mYV_MycZ8BDvg","https:\/\/www.linkedin.com\/company\/catsis"]}]}},"_links":{"self":[{"href":"https:\/\/www.catsis.com.tr\/en\/wp-json\/wp\/v2\/pages\/2571","targetHints":{"allow":["GET"]}}],"collection":[{"href":"https:\/\/www.catsis.com.tr\/en\/wp-json\/wp\/v2\/pages"}],"about":[{"href":"https:\/\/www.catsis.com.tr\/en\/wp-json\/wp\/v2\/types\/page"}],"author":[{"embeddable":true,"href":"https:\/\/www.catsis.com.tr\/en\/wp-json\/wp\/v2\/users\/2"}],"replies":[{"embeddable":true,"href":"https:\/\/www.catsis.com.tr\/en\/wp-json\/wp\/v2\/comments?post=2571"}],"version-history":[{"count":1,"href":"https:\/\/www.catsis.com.tr\/en\/wp-json\/wp\/v2\/pages\/2571\/revisions"}],"predecessor-version":[{"id":2601,"href":"https:\/\/www.catsis.com.tr\/en\/wp-json\/wp\/v2\/pages\/2571\/revisions\/2601"}],"up":[{"embeddable":true,"href":"https:\/\/www.catsis.com.tr\/en\/wp-json\/wp\/v2\/pages\/100"}],"wp:attachment":[{"href":"https:\/\/www.catsis.com.tr\/en\/wp-json\/wp\/v2\/media?parent=2571"}],"curies":[{"name":"wp","href":"https:\/\/api.w.org\/{rel}","templated":true}]}}