{"id":2272,"date":"2024-04-16T17:22:00","date_gmt":"2024-04-16T14:22:00","guid":{"rendered":"https:\/\/www.catsis.com.tr\/?page_id=2272"},"modified":"2025-02-04T14:17:59","modified_gmt":"2025-02-04T11:17:59","slug":"surdurulebilir-kalkinma-hedefleri","status":"publish","type":"page","link":"https:\/\/www.catsis.com.tr\/en\/sustainable-development-goals-sdg\/","title":{"rendered":"Sustainable Development Goals (SDG)"},"content":{"rendered":"<p><a  href=\"https:\/\/www.catsis.com.tr\/wp-content\/uploads\/sustainable-development-goals.png\" data-rel=\"lightbox-gallery-0\" data-rl_title=\"\" data-rl_caption=\"\" title=\"\"><img loading=\"lazy\" decoding=\"async\" class=\"aligncenter size-medium wp-image-2425\" src=\"https:\/\/www.catsis.com.tr\/wp-content\/uploads\/sustainable-development-goals-300x300.png\" alt=\"Sustainable Development Goals (SDG)\" width=\"300\" height=\"300\" srcset=\"https:\/\/www.catsis.com.tr\/wp-content\/uploads\/sustainable-development-goals-300x300.png 300w, https:\/\/www.catsis.com.tr\/wp-content\/uploads\/sustainable-development-goals-150x150.png 150w, https:\/\/www.catsis.com.tr\/wp-content\/uploads\/sustainable-development-goals-768x768.png 768w, https:\/\/www.catsis.com.tr\/wp-content\/uploads\/sustainable-development-goals-80x80.png 80w, https:\/\/www.catsis.com.tr\/wp-content\/uploads\/sustainable-development-goals-320x320.png 320w, https:\/\/www.catsis.com.tr\/wp-content\/uploads\/sustainable-development-goals.png 1024w\" sizes=\"auto, (max-width: 300px) 100vw, 300px\" \/><\/a><\/p>\n<table style=\"font-size: 13px; border-collapse: collapse; width: 100%;\">\n<tbody>\n<tr>\n<td style=\"width: 30.0094%;\"><\/td>\n<td style=\"width: 13.8621%; text-align: center; color: #ffffff; background: #333F48;\"><strong>Unit<\/strong><\/td>\n<td style=\"width: 17.7337%; text-align: center; color: #ffffff; background: #333F48;\"><strong>Reference Year Data &#8211; 2023<\/strong><\/td>\n<td style=\"width: 20.9444%; text-align: center; color: #ffffff; background: #333F48;\"><strong>Mid-Term Target &#8211; 2025<\/strong><\/td>\n<td style=\"width: 17.4504%; text-align: center; color: #ffffff; background: #333F48;\"><strong>Long-Term Target &#8211; 2030<\/strong><\/td>\n<\/tr>\n<tr>\n<td style=\"width: 30.0094%; color: #ffffff; background: #333F48;\"><strong>Total Waste Amount per Product<\/strong><\/td>\n<td style=\"width: 13.8621%; text-align: center;\">Ton \/ Product<\/td>\n<td style=\"width: 17.7337%; text-align: center;\">0.013<\/td>\n<td style=\"width: 20.9444%; text-align: center;\">0.015<\/td>\n<td style=\"width: 17.4504%; text-align: center;\">0.013<\/td>\n<\/tr>\n<tr>\n<td style=\"width: 30.0094%; color: #ffffff; background: #333F48;\"><strong>Total Water Intake per Product<\/strong><\/td>\n<td style=\"width: 13.8621%; text-align: center;\">m\u00b3 \/ Product<\/td>\n<td style=\"width: 17.7337%; text-align: center;\">0.000053<\/td>\n<td style=\"width: 20.9444%; text-align: center;\">0.000054<\/td>\n<td style=\"width: 17.4504%; text-align: center;\">0.00005<\/td>\n<\/tr>\n<tr>\n<td style=\"width: 30.0094%; color: #ffffff; background: #333F48;\"><strong>Water Recycling Rate<\/strong><\/td>\n<td style=\"width: 13.8621%; text-align: center;\">%<\/td>\n<td style=\"width: 17.7337%; text-align: center;\">0<\/td>\n<td style=\"width: 20.9444%; text-align: center;\">0<\/td>\n<td style=\"width: 17.4504%; text-align: center;\">2<\/td>\n<\/tr>\n<tr>\n<td style=\"width: 30.0094%; color: #ffffff; background: #333F48;\"><strong>Direct Emissions (Scope-1)<\/strong><\/td>\n<td style=\"width: 13.8621%; text-align: center;\">(CO2 equivalent-tons)<\/td>\n<td style=\"width: 17.7337%; text-align: center;\">1082.07<\/td>\n<td style=\"width: 20.9444%; text-align: center;\">1050<\/td>\n<td style=\"width: 17.4504%; text-align: center;\">1000<\/td>\n<\/tr>\n<tr>\n<td style=\"width: 30.0094%; color: #ffffff; background: #333F48;\"><strong>Indirect Emissions (Scope-2)<\/strong><\/td>\n<td style=\"width: 13.8621%; text-align: center;\">(CO2 equivalent-tons)<\/td>\n<td style=\"width: 17.7337%; text-align: center;\">719.45<\/td>\n<td style=\"width: 20.9444%; text-align: center;\">660<\/td>\n<td style=\"width: 17.4504%; text-align: center;\">650<\/td>\n<\/tr>\n<tr>\n<td style=\"width: 30.0094%; color: #ffffff; background: #333F48;\"><strong>Other Indirect Emissions (Scope-3)<\/strong><\/td>\n<td style=\"width: 13.8621%; text-align: center;\">(CO2 equivalent-tons)<\/td>\n<td style=\"width: 17.7337%; text-align: center;\">2476.04<\/td>\n<td style=\"width: 20.9444%; text-align: center;\">2350<\/td>\n<td style=\"width: 17.4504%; text-align: center;\">2200<\/td>\n<\/tr>\n<tr>\n<td style=\"width: 30.0094%; color: #ffffff; background: #333F48;\"><strong>Energy Consumption per Unit of Production (Specific Energy Consumption)<\/strong><\/td>\n<td style=\"width: 13.8621%; text-align: center;\">(TOE* \/ Production Quantity)<\/td>\n<td style=\"width: 17.7337%; text-align: center;\">0.00000937<\/td>\n<td style=\"width: 20.9444%; text-align: center;\">0.0000098<\/td>\n<td style=\"width: 17.4504%; text-align: center;\">0.000009<\/td>\n<\/tr>\n<tr>\n<td style=\"width: 30.0094%; color: #ffffff; background: #333F48;\"><strong>Amount of Renewable Electricity Procured<\/strong><\/td>\n<td style=\"width: 13.8621%; text-align: center;\">kWh<\/td>\n<td style=\"width: 17.7337%; text-align: center;\">0<\/td>\n<td style=\"width: 20.9444%; text-align: center;\">0<\/td>\n<td style=\"width: 17.4504%; text-align: center;\">100000<\/td>\n<\/tr>\n<\/tbody>\n<\/table>\n<p><\/p>","protected":false},"excerpt":{"rendered":"<p>&#46;&#46;&#46;<\/p>\n","protected":false},"author":2,"featured_media":0,"parent":0,"menu_order":0,"comment_status":"closed","ping_status":"closed","template":"","meta":{"footnotes":""},"class_list":["post-2272","page","type-page","status-publish","hentry"],"yoast_head":"<!-- This site is optimized with the Yoast SEO plugin v27.4 - https:\/\/yoast.com\/product\/yoast-seo-wordpress\/ -->\n<title>Sustainable Development Goals (SDG) - Catsis Felt Industry and Trade Inc.<\/title>\n<meta name=\"description\" content=\"Sustainable Development Goals (SDG)\" \/>\n<meta name=\"robots\" content=\"index, follow, max-snippet:-1, max-image-preview:large, max-video-preview:-1\" \/>\n<link rel=\"canonical\" href=\"https:\/\/www.catsis.com.tr\/en\/surdurulebilir-kalkinma-hedefleri\/\" \/>\n<meta property=\"og:locale\" content=\"en_US\" \/>\n<meta property=\"og:type\" content=\"article\" \/>\n<meta property=\"og:title\" content=\"Sustainable Development Goals (SDG) - Catsis Felt Industry and Trade Inc.\" \/>\n<meta property=\"og:description\" content=\"Sustainable Development Goals (SDG)\" \/>\n<meta property=\"og:url\" content=\"https:\/\/www.catsis.com.tr\/en\/surdurulebilir-kalkinma-hedefleri\/\" \/>\n<meta property=\"og:site_name\" content=\"Catsis Felt Industry and Trade Inc.\" \/>\n<meta property=\"article:publisher\" content=\"https:\/\/www.facebook.com\/catsis.com.tr\" \/>\n<meta property=\"article:modified_time\" content=\"2025-02-04T11:17:59+00:00\" \/>\n<meta property=\"og:image\" content=\"https:\/\/www.catsis.com.tr\/wp-content\/uploads\/sustainable-development-goals.png\" \/>\n\t<meta property=\"og:image:width\" content=\"1024\" \/>\n\t<meta property=\"og:image:height\" content=\"1024\" \/>\n\t<meta property=\"og:image:type\" content=\"image\/png\" \/>\n<meta name=\"twitter:card\" content=\"summary_large_image\" \/>\n<meta name=\"twitter:site\" content=\"@Catsis_AS\" \/>\n<meta name=\"twitter:label1\" content=\"Est. reading time\" \/>\n\t<meta name=\"twitter:data1\" content=\"1 minute\" \/>\n<script type=\"application\/ld+json\" class=\"yoast-schema-graph\">{\"@context\":\"https:\\\/\\\/schema.org\",\"@graph\":[{\"@type\":\"WebPage\",\"@id\":\"https:\\\/\\\/www.catsis.com.tr\\\/en\\\/surdurulebilir-kalkinma-hedefleri\\\/\",\"url\":\"https:\\\/\\\/www.catsis.com.tr\\\/en\\\/surdurulebilir-kalkinma-hedefleri\\\/\",\"name\":\"Sustainable Development Goals (SDG) - Catsis Felt Industry and Trade Inc.\",\"isPartOf\":{\"@id\":\"https:\\\/\\\/www.catsis.com.tr\\\/en\\\/#website\"},\"primaryImageOfPage\":{\"@id\":\"https:\\\/\\\/www.catsis.com.tr\\\/en\\\/surdurulebilir-kalkinma-hedefleri\\\/#primaryimage\"},\"image\":{\"@id\":\"https:\\\/\\\/www.catsis.com.tr\\\/surdurulebilir-kalkinma-hedefleri\\\/#primaryimage\"},\"thumbnailUrl\":\"https:\\\/\\\/www.catsis.com.tr\\\/wp-content\\\/uploads\\\/sustainable-development-goals-300x300.png\",\"datePublished\":\"2024-04-16T14:22:00+00:00\",\"dateModified\":\"2025-02-04T11:17:59+00:00\",\"description\":\"Sustainable Development Goals (SDG)\",\"breadcrumb\":{\"@id\":\"https:\\\/\\\/www.catsis.com.tr\\\/en\\\/surdurulebilir-kalkinma-hedefleri\\\/#breadcrumb\"},\"inLanguage\":\"en-US\",\"potentialAction\":[{\"@type\":\"ReadAction\",\"target\":[[\"https:\\\/\\\/www.catsis.com.tr\\\/en\\\/surdurulebilir-kalkinma-hedefleri\\\/\"]]}]},{\"@type\":\"ImageObject\",\"inLanguage\":\"en-US\",\"@id\":\"https:\\\/\\\/www.catsis.com.tr\\\/en\\\/surdurulebilir-kalkinma-hedefleri\\\/#primaryimage\",\"url\":\"https:\\\/\\\/www.catsis.com.tr\\\/wp-content\\\/uploads\\\/sustainable-development-goals-300x300.png\",\"contentUrl\":\"https:\\\/\\\/www.catsis.com.tr\\\/wp-content\\\/uploads\\\/sustainable-development-goals-300x300.png\"},{\"@type\":\"BreadcrumbList\",\"@id\":\"https:\\\/\\\/www.catsis.com.tr\\\/en\\\/surdurulebilir-kalkinma-hedefleri\\\/#breadcrumb\",\"itemListElement\":[{\"@type\":\"ListItem\",\"position\":1,\"name\":\"Ana sayfa\",\"item\":\"https:\\\/\\\/www.catsis.com.tr\\\/en\\\/\"},{\"@type\":\"ListItem\",\"position\":2,\"name\":\"S\u00fcrd\u00fcr\u00fclebilir Kalk\u0131nma Hedefleri\"}]},{\"@type\":\"WebSite\",\"@id\":\"https:\\\/\\\/www.catsis.com.tr\\\/en\\\/#website\",\"url\":\"https:\\\/\\\/www.catsis.com.tr\\\/en\\\/\",\"name\":\"Catsis Felt Industry and Trade Inc.\",\"description\":\"\",\"publisher\":{\"@id\":\"https:\\\/\\\/www.catsis.com.tr\\\/en\\\/#organization\"},\"potentialAction\":[{\"@type\":\"SearchAction\",\"target\":{\"@type\":\"EntryPoint\",\"urlTemplate\":\"https:\\\/\\\/www.catsis.com.tr\\\/en\\\/?s={search_term_string}\"},\"query-input\":{\"@type\":\"PropertyValueSpecification\",\"valueRequired\":true,\"valueName\":\"search_term_string\"}}],\"inLanguage\":\"en-US\"},{\"@type\":\"Organization\",\"@id\":\"https:\\\/\\\/www.catsis.com.tr\\\/en\\\/#organization\",\"name\":\"Catsis Ke\u00e7e Sanayi ve Ticaret A.\u015e.\",\"url\":\"https:\\\/\\\/www.catsis.com.tr\\\/en\\\/\",\"logo\":{\"@type\":\"ImageObject\",\"inLanguage\":\"en-US\",\"@id\":\"https:\\\/\\\/www.catsis.com.tr\\\/en\\\/#\\\/schema\\\/logo\\\/image\\\/\",\"url\":\"https:\\\/\\\/www.catsis.com.tr\\\/wp-content\\\/uploads\\\/Catsis_Web_logo.png\",\"contentUrl\":\"https:\\\/\\\/www.catsis.com.tr\\\/wp-content\\\/uploads\\\/Catsis_Web_logo.png\",\"width\":202,\"height\":102,\"caption\":\"Catsis Ke\u00e7e Sanayi ve Ticaret A.\u015e.\"},\"image\":{\"@id\":\"https:\\\/\\\/www.catsis.com.tr\\\/en\\\/#\\\/schema\\\/logo\\\/image\\\/\"},\"sameAs\":[\"https:\\\/\\\/www.facebook.com\\\/catsis.com.tr\",\"https:\\\/\\\/x.com\\\/Catsis_AS\",\"https:\\\/\\\/www.instagram.com\\\/catsis.com.tr\\\/\",\"https:\\\/\\\/www.pinterest.com\\\/CatsisAS\\\/\",\"https:\\\/\\\/www.youtube.com\\\/channel\\\/UCOqeMuSbH9mYV_MycZ8BDvg\",\"https:\\\/\\\/www.linkedin.com\\\/company\\\/catsis\"]}]}<\/script>\n<!-- \/ Yoast SEO plugin. -->","yoast_head_json":{"title":"Sustainable Development Goals (SDG) - Catsis Felt Industry and Trade Inc.","description":"Sustainable Development Goals (SDG)","robots":{"index":"index","follow":"follow","max-snippet":"max-snippet:-1","max-image-preview":"max-image-preview:large","max-video-preview":"max-video-preview:-1"},"canonical":"https:\/\/www.catsis.com.tr\/en\/surdurulebilir-kalkinma-hedefleri\/","og_locale":"en_US","og_type":"article","og_title":"Sustainable Development Goals (SDG) - Catsis Felt Industry and Trade Inc.","og_description":"Sustainable Development Goals (SDG)","og_url":"https:\/\/www.catsis.com.tr\/en\/surdurulebilir-kalkinma-hedefleri\/","og_site_name":"Catsis Felt Industry and Trade Inc.","article_publisher":"https:\/\/www.facebook.com\/catsis.com.tr","article_modified_time":"2025-02-04T11:17:59+00:00","og_image":[{"width":1024,"height":1024,"url":"https:\/\/www.catsis.com.tr\/wp-content\/uploads\/sustainable-development-goals.png","type":"image\/png"}],"twitter_card":"summary_large_image","twitter_site":"@Catsis_AS","twitter_misc":{"Est. reading time":"1 minute"},"schema":{"@context":"https:\/\/schema.org","@graph":[{"@type":"WebPage","@id":"https:\/\/www.catsis.com.tr\/en\/surdurulebilir-kalkinma-hedefleri\/","url":"https:\/\/www.catsis.com.tr\/en\/surdurulebilir-kalkinma-hedefleri\/","name":"Sustainable Development Goals (SDG) - Catsis Felt Industry and Trade Inc.","isPartOf":{"@id":"https:\/\/www.catsis.com.tr\/en\/#website"},"primaryImageOfPage":{"@id":"https:\/\/www.catsis.com.tr\/en\/surdurulebilir-kalkinma-hedefleri\/#primaryimage"},"image":{"@id":"https:\/\/www.catsis.com.tr\/surdurulebilir-kalkinma-hedefleri\/#primaryimage"},"thumbnailUrl":"https:\/\/www.catsis.com.tr\/wp-content\/uploads\/sustainable-development-goals-300x300.png","datePublished":"2024-04-16T14:22:00+00:00","dateModified":"2025-02-04T11:17:59+00:00","description":"Sustainable Development Goals (SDG)","breadcrumb":{"@id":"https:\/\/www.catsis.com.tr\/en\/surdurulebilir-kalkinma-hedefleri\/#breadcrumb"},"inLanguage":"en-US","potentialAction":[{"@type":"ReadAction","target":[["https:\/\/www.catsis.com.tr\/en\/surdurulebilir-kalkinma-hedefleri\/"]]}]},{"@type":"ImageObject","inLanguage":"en-US","@id":"https:\/\/www.catsis.com.tr\/en\/surdurulebilir-kalkinma-hedefleri\/#primaryimage","url":"https:\/\/www.catsis.com.tr\/wp-content\/uploads\/sustainable-development-goals-300x300.png","contentUrl":"https:\/\/www.catsis.com.tr\/wp-content\/uploads\/sustainable-development-goals-300x300.png"},{"@type":"BreadcrumbList","@id":"https:\/\/www.catsis.com.tr\/en\/surdurulebilir-kalkinma-hedefleri\/#breadcrumb","itemListElement":[{"@type":"ListItem","position":1,"name":"Ana sayfa","item":"https:\/\/www.catsis.com.tr\/en\/"},{"@type":"ListItem","position":2,"name":"S\u00fcrd\u00fcr\u00fclebilir Kalk\u0131nma Hedefleri"}]},{"@type":"WebSite","@id":"https:\/\/www.catsis.com.tr\/en\/#website","url":"https:\/\/www.catsis.com.tr\/en\/","name":"Catsis Felt Industry and Trade Inc.","description":"","publisher":{"@id":"https:\/\/www.catsis.com.tr\/en\/#organization"},"potentialAction":[{"@type":"SearchAction","target":{"@type":"EntryPoint","urlTemplate":"https:\/\/www.catsis.com.tr\/en\/?s={search_term_string}"},"query-input":{"@type":"PropertyValueSpecification","valueRequired":true,"valueName":"search_term_string"}}],"inLanguage":"en-US"},{"@type":"Organization","@id":"https:\/\/www.catsis.com.tr\/en\/#organization","name":"Catsis Ke\u00e7e Sanayi ve Ticaret A.\u015e.","url":"https:\/\/www.catsis.com.tr\/en\/","logo":{"@type":"ImageObject","inLanguage":"en-US","@id":"https:\/\/www.catsis.com.tr\/en\/#\/schema\/logo\/image\/","url":"https:\/\/www.catsis.com.tr\/wp-content\/uploads\/Catsis_Web_logo.png","contentUrl":"https:\/\/www.catsis.com.tr\/wp-content\/uploads\/Catsis_Web_logo.png","width":202,"height":102,"caption":"Catsis Ke\u00e7e Sanayi ve Ticaret A.\u015e."},"image":{"@id":"https:\/\/www.catsis.com.tr\/en\/#\/schema\/logo\/image\/"},"sameAs":["https:\/\/www.facebook.com\/catsis.com.tr","https:\/\/x.com\/Catsis_AS","https:\/\/www.instagram.com\/catsis.com.tr\/","https:\/\/www.pinterest.com\/CatsisAS\/","https:\/\/www.youtube.com\/channel\/UCOqeMuSbH9mYV_MycZ8BDvg","https:\/\/www.linkedin.com\/company\/catsis"]}]}},"_links":{"self":[{"href":"https:\/\/www.catsis.com.tr\/en\/wp-json\/wp\/v2\/pages\/2272","targetHints":{"allow":["GET"]}}],"collection":[{"href":"https:\/\/www.catsis.com.tr\/en\/wp-json\/wp\/v2\/pages"}],"about":[{"href":"https:\/\/www.catsis.com.tr\/en\/wp-json\/wp\/v2\/types\/page"}],"author":[{"embeddable":true,"href":"https:\/\/www.catsis.com.tr\/en\/wp-json\/wp\/v2\/users\/2"}],"replies":[{"embeddable":true,"href":"https:\/\/www.catsis.com.tr\/en\/wp-json\/wp\/v2\/comments?post=2272"}],"version-history":[{"count":0,"href":"https:\/\/www.catsis.com.tr\/en\/wp-json\/wp\/v2\/pages\/2272\/revisions"}],"wp:attachment":[{"href":"https:\/\/www.catsis.com.tr\/en\/wp-json\/wp\/v2\/media?parent=2272"}],"curies":[{"name":"wp","href":"https:\/\/api.w.org\/{rel}","templated":true}]}}