{"id":1157,"date":"2018-01-09T08:55:15","date_gmt":"2018-01-09T05:55:15","guid":{"rendered":"https:\/\/www.catsis.com.tr\/?page_id=1157"},"modified":"2022-02-09T13:33:46","modified_gmt":"2022-02-09T10:33:46","slug":"is-etik-kurallari","status":"publish","type":"page","link":"https:\/\/www.catsis.com.tr\/en\/quality-assurance\/is-etik-kurallari\/","title":{"rendered":"Work Ethics Rules"},"content":{"rendered":"<p><strong><em>Catsis Work Ethics Rules<\/em><\/strong><\/p>\n<p><strong>Honesty<\/strong><\/p>\n<p>Catsis Felt Industry acts according to the principle of accuracy and honesty in all of its business relationships, in its all works and activities and in its relationships with all shareholders and other parties.<\/p>\n<p><strong>Privacy<\/strong><\/p>\n<p>Catsis Felt Industry takes care of the privacy of our customers, employees and other relevant people and institutions, and the protection of the proprietary information.<\/p>\n<p><strong>Conflict of Interests<\/strong><\/p>\n<p>Employees of Catsis Felt Industry avoid actions that will result in a conflict of interest.<\/p>\n<p><strong>Our Responsibilities<\/strong><\/p>\n<p>Catsis Felt Industry takes care of the performance of the responsibilities of not only the shareholders, but also the society and other parties.<\/p>\n<p><strong>Our Legal Responsibilities<\/strong><\/p>\n<p>Employees of\u00a0 Catsis Felt Industry comply with the laws of the Turkish Republic and when required, international law norms and rules, while carrying out all the working processes and relationships.<\/p>\n<p><strong>Our Responsibilities Towards Our Customers<\/strong><\/p>\n<p>Catsis Felt Industry considers the approach that customer satisfaction is the priority, works with the sensitive towards the needs and requests of the customer and with the proactive perception.<\/p>\n<p><strong>Our Responsibilities Towards Our Employees<\/strong><\/p>\n<p>Catsis Felt Industry behaves all of its employees equally. It ensures the employees to use the personal rights fully and accurately.<\/p>\n<p><strong>Our Responsibilities Towards Our Suppliers \/ Business Partners<\/strong><\/p>\n<p>Catsis Felt Industry behaves the suppliers and the business partners fairly and respectfully with the perception that the shareholders are in the same boat and as expected for good customer and the due diligence is exercised to perform our liabilities timely.<\/p>\n<p>&nbsp;<\/p>\n<p><strong>\u00a0<\/strong><\/p>\n<p><strong>Our Responsibilities Towards Our Competitors<\/strong><\/p>\n<p>Catsis Felt Industry only competes in the legal and ethical fields and avoids the unfair competition.<\/p>\n<p><strong>Our Responsibilities Towards The Society and Humanity<\/strong><\/p>\n<p>Catsis Felt Industry prioritizes environment, occupational health and safety in all its activities, starting from raw material purchase, production, product realization and management. It carefully avoids the unethical behaviors such as bribery, corruption, misconduct.<\/p>\n<p><strong>Working Ethics and Behaviors<\/strong><\/p>\n<ul>\n<li>Employees of Catsis Felt Industry carry out their duties in an egalitarian, transparent, accountable and responsible way.<\/li>\n<li>They do not use resources and opportunities of the companies to support the political activities. In the company, they do not carry out any political activities, donate to the political parties and support the political campaigns.<\/li>\n<li>They do not express and discuss the political, social and religious ideas in the working environment.<\/li>\n<li>Employees of Catsis Felt Industry fulfill their responsibilities in order to protect and develop the respectable image of the company. In this respect, all employees take care to ensure that their personal behavior and behavior are within the framework of laws and general moral rules.<\/li>\n<li>Employees of Catsis Felt Industry do not use confidential and non-public information about the company in favor of themselves or others.<\/li>\n<li>Employees of Catsis Felt Industry may not accept any gifts directly or indirectly about the business of the company, may not take any advantage and may not accept any borrowing from any people or company with whom the company is in a business relationship.<\/li>\n<\/ul>\n<p><\/p>","protected":false},"excerpt":{"rendered":"<p>&#46;&#46;&#46;<\/p>\n","protected":false},"author":2,"featured_media":0,"parent":2,"menu_order":0,"comment_status":"closed","ping_status":"closed","template":"","meta":{"footnotes":""},"class_list":["post-1157","page","type-page","status-publish","hentry"],"yoast_head":"<!-- This site is optimized with the Yoast SEO plugin v27.4 - https:\/\/yoast.com\/product\/yoast-seo-wordpress\/ -->\n<title>Work Ethics Rules - Catsis Felt Industry and Trade Inc.<\/title>\n<meta name=\"description\" content=\"Work Ethics Rules\" \/>\n<meta name=\"robots\" content=\"index, follow, max-snippet:-1, max-image-preview:large, max-video-preview:-1\" \/>\n<link rel=\"canonical\" href=\"https:\/\/www.catsis.com.tr\/en\/kalite-guvence\/is-etik-kurallari\/\" \/>\n<meta property=\"og:locale\" content=\"en_US\" \/>\n<meta property=\"og:type\" content=\"article\" \/>\n<meta property=\"og:title\" content=\"Work Ethics Rules - Catsis Felt Industry and Trade Inc.\" \/>\n<meta property=\"og:description\" content=\"Work Ethics Rules\" \/>\n<meta property=\"og:url\" content=\"https:\/\/www.catsis.com.tr\/en\/kalite-guvence\/is-etik-kurallari\/\" \/>\n<meta property=\"og:site_name\" content=\"Catsis Felt Industry and Trade Inc.\" \/>\n<meta property=\"article:publisher\" content=\"https:\/\/www.facebook.com\/catsis.com.tr\" \/>\n<meta property=\"article:modified_time\" content=\"2022-02-09T10:33:46+00:00\" \/>\n<meta property=\"og:image\" content=\"https:\/\/www.catsis.com.tr\/wp-content\/uploads\/GSirket_Catsis.png\" \/>\n\t<meta property=\"og:image:width\" content=\"1020\" \/>\n\t<meta property=\"og:image:height\" content=\"450\" \/>\n\t<meta property=\"og:image:type\" content=\"image\/png\" \/>\n<meta name=\"twitter:card\" content=\"summary_large_image\" \/>\n<meta name=\"twitter:site\" content=\"@Catsis_AS\" \/>\n<meta name=\"twitter:label1\" content=\"Est. reading time\" \/>\n\t<meta name=\"twitter:data1\" content=\"5 minutes\" \/>\n<script type=\"application\/ld+json\" class=\"yoast-schema-graph\">{\"@context\":\"https:\\\/\\\/schema.org\",\"@graph\":[{\"@type\":\"WebPage\",\"@id\":\"https:\\\/\\\/www.catsis.com.tr\\\/en\\\/kalite-guvence\\\/is-etik-kurallari\\\/\",\"url\":\"https:\\\/\\\/www.catsis.com.tr\\\/en\\\/kalite-guvence\\\/is-etik-kurallari\\\/\",\"name\":\"Work Ethics Rules - Catsis Felt Industry and Trade Inc.\",\"isPartOf\":{\"@id\":\"https:\\\/\\\/www.catsis.com.tr\\\/en\\\/#website\"},\"datePublished\":\"2018-01-09T05:55:15+00:00\",\"dateModified\":\"2022-02-09T10:33:46+00:00\",\"description\":\"Work Ethics Rules\",\"breadcrumb\":{\"@id\":\"https:\\\/\\\/www.catsis.com.tr\\\/en\\\/kalite-guvence\\\/is-etik-kurallari\\\/#breadcrumb\"},\"inLanguage\":\"en-US\",\"potentialAction\":[{\"@type\":\"ReadAction\",\"target\":[[\"https:\\\/\\\/www.catsis.com.tr\\\/en\\\/kalite-guvence\\\/is-etik-kurallari\\\/\"]]}]},{\"@type\":\"BreadcrumbList\",\"@id\":\"https:\\\/\\\/www.catsis.com.tr\\\/en\\\/kalite-guvence\\\/is-etik-kurallari\\\/#breadcrumb\",\"itemListElement\":[{\"@type\":\"ListItem\",\"position\":1,\"name\":\"Ana sayfa\",\"item\":\"https:\\\/\\\/www.catsis.com.tr\\\/en\\\/\"},{\"@type\":\"ListItem\",\"position\":2,\"name\":\"Kalite G\u00fcvence\",\"item\":\"https:\\\/\\\/www.catsis.com.tr\\\/en\\\/kalite-guvence\\\/\"},{\"@type\":\"ListItem\",\"position\":3,\"name\":\"\u0130\u015f Etik Kurallar\u0131\"}]},{\"@type\":\"WebSite\",\"@id\":\"https:\\\/\\\/www.catsis.com.tr\\\/en\\\/#website\",\"url\":\"https:\\\/\\\/www.catsis.com.tr\\\/en\\\/\",\"name\":\"Catsis Felt Industry and Trade Inc.\",\"description\":\"\",\"publisher\":{\"@id\":\"https:\\\/\\\/www.catsis.com.tr\\\/en\\\/#organization\"},\"potentialAction\":[{\"@type\":\"SearchAction\",\"target\":{\"@type\":\"EntryPoint\",\"urlTemplate\":\"https:\\\/\\\/www.catsis.com.tr\\\/en\\\/?s={search_term_string}\"},\"query-input\":{\"@type\":\"PropertyValueSpecification\",\"valueRequired\":true,\"valueName\":\"search_term_string\"}}],\"inLanguage\":\"en-US\"},{\"@type\":\"Organization\",\"@id\":\"https:\\\/\\\/www.catsis.com.tr\\\/en\\\/#organization\",\"name\":\"Catsis Ke\u00e7e Sanayi ve Ticaret A.\u015e.\",\"url\":\"https:\\\/\\\/www.catsis.com.tr\\\/en\\\/\",\"logo\":{\"@type\":\"ImageObject\",\"inLanguage\":\"en-US\",\"@id\":\"https:\\\/\\\/www.catsis.com.tr\\\/en\\\/#\\\/schema\\\/logo\\\/image\\\/\",\"url\":\"https:\\\/\\\/www.catsis.com.tr\\\/wp-content\\\/uploads\\\/Catsis_Web_logo.png\",\"contentUrl\":\"https:\\\/\\\/www.catsis.com.tr\\\/wp-content\\\/uploads\\\/Catsis_Web_logo.png\",\"width\":202,\"height\":102,\"caption\":\"Catsis Ke\u00e7e Sanayi ve Ticaret A.\u015e.\"},\"image\":{\"@id\":\"https:\\\/\\\/www.catsis.com.tr\\\/en\\\/#\\\/schema\\\/logo\\\/image\\\/\"},\"sameAs\":[\"https:\\\/\\\/www.facebook.com\\\/catsis.com.tr\",\"https:\\\/\\\/x.com\\\/Catsis_AS\",\"https:\\\/\\\/www.instagram.com\\\/catsis.com.tr\\\/\",\"https:\\\/\\\/www.pinterest.com\\\/CatsisAS\\\/\",\"https:\\\/\\\/www.youtube.com\\\/channel\\\/UCOqeMuSbH9mYV_MycZ8BDvg\",\"https:\\\/\\\/www.linkedin.com\\\/company\\\/catsis\"]}]}<\/script>\n<!-- \/ Yoast SEO plugin. -->","yoast_head_json":{"title":"Work Ethics Rules - Catsis Felt Industry and Trade Inc.","description":"Work Ethics Rules","robots":{"index":"index","follow":"follow","max-snippet":"max-snippet:-1","max-image-preview":"max-image-preview:large","max-video-preview":"max-video-preview:-1"},"canonical":"https:\/\/www.catsis.com.tr\/en\/kalite-guvence\/is-etik-kurallari\/","og_locale":"en_US","og_type":"article","og_title":"Work Ethics Rules - Catsis Felt Industry and Trade Inc.","og_description":"Work Ethics Rules","og_url":"https:\/\/www.catsis.com.tr\/en\/kalite-guvence\/is-etik-kurallari\/","og_site_name":"Catsis Felt Industry and Trade Inc.","article_publisher":"https:\/\/www.facebook.com\/catsis.com.tr","article_modified_time":"2022-02-09T10:33:46+00:00","og_image":[{"width":1020,"height":450,"url":"https:\/\/www.catsis.com.tr\/wp-content\/uploads\/GSirket_Catsis.png","type":"image\/png"}],"twitter_card":"summary_large_image","twitter_site":"@Catsis_AS","twitter_misc":{"Est. reading time":"5 minutes"},"schema":{"@context":"https:\/\/schema.org","@graph":[{"@type":"WebPage","@id":"https:\/\/www.catsis.com.tr\/en\/kalite-guvence\/is-etik-kurallari\/","url":"https:\/\/www.catsis.com.tr\/en\/kalite-guvence\/is-etik-kurallari\/","name":"Work Ethics Rules - Catsis Felt Industry and Trade Inc.","isPartOf":{"@id":"https:\/\/www.catsis.com.tr\/en\/#website"},"datePublished":"2018-01-09T05:55:15+00:00","dateModified":"2022-02-09T10:33:46+00:00","description":"Work Ethics Rules","breadcrumb":{"@id":"https:\/\/www.catsis.com.tr\/en\/kalite-guvence\/is-etik-kurallari\/#breadcrumb"},"inLanguage":"en-US","potentialAction":[{"@type":"ReadAction","target":[["https:\/\/www.catsis.com.tr\/en\/kalite-guvence\/is-etik-kurallari\/"]]}]},{"@type":"BreadcrumbList","@id":"https:\/\/www.catsis.com.tr\/en\/kalite-guvence\/is-etik-kurallari\/#breadcrumb","itemListElement":[{"@type":"ListItem","position":1,"name":"Ana sayfa","item":"https:\/\/www.catsis.com.tr\/en\/"},{"@type":"ListItem","position":2,"name":"Kalite G\u00fcvence","item":"https:\/\/www.catsis.com.tr\/en\/kalite-guvence\/"},{"@type":"ListItem","position":3,"name":"\u0130\u015f Etik Kurallar\u0131"}]},{"@type":"WebSite","@id":"https:\/\/www.catsis.com.tr\/en\/#website","url":"https:\/\/www.catsis.com.tr\/en\/","name":"Catsis Felt Industry and Trade Inc.","description":"","publisher":{"@id":"https:\/\/www.catsis.com.tr\/en\/#organization"},"potentialAction":[{"@type":"SearchAction","target":{"@type":"EntryPoint","urlTemplate":"https:\/\/www.catsis.com.tr\/en\/?s={search_term_string}"},"query-input":{"@type":"PropertyValueSpecification","valueRequired":true,"valueName":"search_term_string"}}],"inLanguage":"en-US"},{"@type":"Organization","@id":"https:\/\/www.catsis.com.tr\/en\/#organization","name":"Catsis Ke\u00e7e Sanayi ve Ticaret A.\u015e.","url":"https:\/\/www.catsis.com.tr\/en\/","logo":{"@type":"ImageObject","inLanguage":"en-US","@id":"https:\/\/www.catsis.com.tr\/en\/#\/schema\/logo\/image\/","url":"https:\/\/www.catsis.com.tr\/wp-content\/uploads\/Catsis_Web_logo.png","contentUrl":"https:\/\/www.catsis.com.tr\/wp-content\/uploads\/Catsis_Web_logo.png","width":202,"height":102,"caption":"Catsis Ke\u00e7e Sanayi ve Ticaret A.\u015e."},"image":{"@id":"https:\/\/www.catsis.com.tr\/en\/#\/schema\/logo\/image\/"},"sameAs":["https:\/\/www.facebook.com\/catsis.com.tr","https:\/\/x.com\/Catsis_AS","https:\/\/www.instagram.com\/catsis.com.tr\/","https:\/\/www.pinterest.com\/CatsisAS\/","https:\/\/www.youtube.com\/channel\/UCOqeMuSbH9mYV_MycZ8BDvg","https:\/\/www.linkedin.com\/company\/catsis"]}]}},"_links":{"self":[{"href":"https:\/\/www.catsis.com.tr\/en\/wp-json\/wp\/v2\/pages\/1157","targetHints":{"allow":["GET"]}}],"collection":[{"href":"https:\/\/www.catsis.com.tr\/en\/wp-json\/wp\/v2\/pages"}],"about":[{"href":"https:\/\/www.catsis.com.tr\/en\/wp-json\/wp\/v2\/types\/page"}],"author":[{"embeddable":true,"href":"https:\/\/www.catsis.com.tr\/en\/wp-json\/wp\/v2\/users\/2"}],"replies":[{"embeddable":true,"href":"https:\/\/www.catsis.com.tr\/en\/wp-json\/wp\/v2\/comments?post=1157"}],"version-history":[{"count":0,"href":"https:\/\/www.catsis.com.tr\/en\/wp-json\/wp\/v2\/pages\/1157\/revisions"}],"up":[{"embeddable":true,"href":"https:\/\/www.catsis.com.tr\/en\/wp-json\/wp\/v2\/pages\/2"}],"wp:attachment":[{"href":"https:\/\/www.catsis.com.tr\/en\/wp-json\/wp\/v2\/media?parent=1157"}],"curies":[{"name":"wp","href":"https:\/\/api.w.org\/{rel}","templated":true}]}}