{"id":100,"date":"2022-06-08T11:41:18","date_gmt":"2022-06-08T08:41:18","guid":{"rendered":"http:\/\/www.catsis.com.tr\/?page_id=100"},"modified":"2025-06-11T11:35:36","modified_gmt":"2025-06-11T08:35:36","slug":"iletisim","status":"publish","type":"page","link":"https:\/\/www.catsis.com.tr\/en\/contact-us\/","title":{"rendered":"Contact US"},"content":{"rendered":"<p><\/p>\n<div><label><\/p>\n<h3>Contact Form<\/h3>\n<p><\/label><\/div>\n<div>\n<div class=\"wpcf7 no-js\" id=\"wpcf7-f741-o2\" lang=\"en-US\" dir=\"ltr\" data-wpcf7-id=\"741\">\n<div class=\"screen-reader-response\"><p role=\"status\" aria-live=\"polite\" aria-atomic=\"true\"><\/p> <ul><\/ul><\/div>\n<form action=\"\/en\/wp-json\/wp\/v2\/pages\/100#wpcf7-f741-o2\" method=\"post\" class=\"wpcf7-form init\" aria-label=\"Contact form\" novalidate=\"novalidate\" data-status=\"init\">\n<fieldset class=\"hidden-fields-container\"><input type=\"hidden\" name=\"_wpcf7\" value=\"741\" \/><input type=\"hidden\" name=\"_wpcf7_version\" value=\"6.1.5\" \/><input type=\"hidden\" name=\"_wpcf7_locale\" value=\"en_US\" \/><input type=\"hidden\" name=\"_wpcf7_unit_tag\" value=\"wpcf7-f741-o2\" \/><input type=\"hidden\" name=\"_wpcf7_container_post\" value=\"0\" \/><input type=\"hidden\" name=\"_wpcf7_posted_data_hash\" value=\"\" \/><input type=\"hidden\" name=\"_wpcf7_recaptcha_response\" value=\"\" \/>\n<\/fieldset>\n<div class=\"wpcf7-turnstile cf-turnstile\" data-sitekey=\"0x4AAAAAABi7I7qUgu40Yb_8\" data-response-field-name=\"_wpcf7_turnstile_response\"><\/div>\n\n<p><span class=\"wpcf7-form-control-wrap\" data-name=\"your-name\"><input size=\"40\" maxlength=\"400\" class=\"wpcf7-form-control wpcf7-text wpcf7-validates-as-required\" aria-required=\"true\" aria-invalid=\"false\" placeholder=\"Your Name Surname\" value=\"\" type=\"text\" name=\"your-name\" \/><\/span>\n<\/p>\n<p><span class=\"wpcf7-form-control-wrap\" data-name=\"your-email\"><input size=\"40\" maxlength=\"400\" class=\"wpcf7-form-control wpcf7-email wpcf7-validates-as-required wpcf7-text wpcf7-validates-as-email\" aria-required=\"true\" aria-invalid=\"false\" placeholder=\"Your Email\" value=\"\" type=\"email\" name=\"your-email\" \/><\/span>\n<\/p>\n<p><span class=\"wpcf7-form-control-wrap\" data-name=\"your-tel\"><input size=\"40\" maxlength=\"400\" class=\"wpcf7-form-control wpcf7-tel wpcf7-validates-as-required wpcf7-text wpcf7-validates-as-tel\" aria-required=\"true\" aria-invalid=\"false\" placeholder=\"Your Phone\" value=\"\" type=\"tel\" name=\"your-tel\" \/><\/span>\n<\/p>\n<p><span class=\"wpcf7-form-control-wrap\" data-name=\"your-subject\"><input size=\"40\" maxlength=\"400\" class=\"wpcf7-form-control wpcf7-text\" aria-invalid=\"false\" placeholder=\"Subject\" value=\"\" type=\"text\" name=\"your-subject\" \/><\/span>\n<\/p>\n<p><span class=\"wpcf7-form-control-wrap\" data-name=\"your-message\"><textarea cols=\"40\" rows=\"10\" maxlength=\"2000\" class=\"wpcf7-form-control wpcf7-textarea\" aria-invalid=\"false\" placeholder=\"Please write your message.\" name=\"your-message\"><\/textarea><\/span>\n<\/p>\n<p><input class=\"wpcf7-form-control wpcf7-submit has-spinner\" type=\"submit\" value=\"Send\" \/>\n<\/p><div class=\"wpcf7-response-output\" aria-hidden=\"true\"><\/div>\n<\/form>\n<\/div>\n<\/div>\n<div style=\"clear: left\"><\/div>\n<hr \/>\n<div><iframe loading=\"lazy\" style=\"float: right; border: 0;\" src=\"https:\/\/www.google.com\/maps\/embed?pb=!1m18!1m12!1m3!1d2883.0972116931!2d28.624801315322404!3d41.06172097929535!2m3!1f0!2f0!3f0!3m2!1i1024!2i768!4f13.1!3m3!1m2!1s0x14b55f0cac78d295%3A0x97d8e43bff4207db!2sCatsis+Ke%C3%A7e+Sanayi+ve+Ticaret+A.%C5%9E.!5e1!3m2!1str!2s!4v1485150079899\" width=\"450px\" height=\"300px\" frameborder=\"0\" allowfullscreen=\"allowfullscreen\"><\/iframe><\/div>\n<div><label>Address info:<\/label><br \/>\nCatsis Ke\u00e7e Sanayi ve Ticaret A.\u015e.<br \/>\nAk\u00e7aburgaz Mah. 3063 Sokak No: 5\/A<br \/>\nP.K:34522 Esenyurt &#8211; \u0130stanbul &#8211; T\u00fcrkiye<br \/>\nTel: +90 212 886 5091 (pbx)<br \/>\n<a href=\"https:\/\/www.catsis.com.tr\">https:\/\/www.catsis.com.tr<\/a><br \/>\nmaps:<a href=\"https:\/\/goo.gl\/maps\/rWDKndCzVf42\">https:\/\/goo.gl\/maps\/rWDKndCzVf42<\/a><\/div>\n<p><\/p>","protected":false},"excerpt":{"rendered":"<p>&#46;&#46;&#46;<\/p>\n","protected":false},"author":2,"featured_media":2285,"parent":0,"menu_order":0,"comment_status":"closed","ping_status":"closed","template":"","meta":{"footnotes":""},"class_list":["post-100","page","type-page","status-publish","has-post-thumbnail","hentry"],"yoast_head":"<!-- This site is optimized with the Yoast SEO plugin v27.4 - https:\/\/yoast.com\/product\/yoast-seo-wordpress\/ -->\n<title>Contact US - Catsis Felt Industry and Trade Inc.<\/title>\n<meta name=\"description\" content=\"Contact US, Catsis ileti\u015fim bilgileri nedir? Catsis Adres Bilgileri, Catsis Telefon Numaras\u0131, Catsis Harita. Catsis Fax numaras\u0131, Catsis Nerede ve Nas\u0131l gidilir. Catsis ke\u00e7e sanayi ula\u015f\u0131m bilgileri.\" \/>\n<meta name=\"robots\" content=\"index, follow, max-snippet:-1, max-image-preview:large, max-video-preview:-1\" \/>\n<link rel=\"canonical\" href=\"https:\/\/www.catsis.com.tr\/en\/iletisim\/\" \/>\n<meta property=\"og:locale\" content=\"en_US\" \/>\n<meta property=\"og:type\" content=\"article\" \/>\n<meta property=\"og:title\" content=\"Contact US - Catsis Felt Industry and Trade Inc.\" \/>\n<meta property=\"og:description\" content=\"Contact US, Catsis ileti\u015fim bilgileri nedir? Catsis Adres Bilgileri, Catsis Telefon Numaras\u0131, Catsis Harita. Catsis Fax numaras\u0131, Catsis Nerede ve Nas\u0131l gidilir. Catsis ke\u00e7e sanayi ula\u015f\u0131m bilgileri.\" \/>\n<meta property=\"og:url\" content=\"https:\/\/www.catsis.com.tr\/en\/iletisim\/\" \/>\n<meta property=\"og:site_name\" content=\"Catsis Felt Industry and Trade Inc.\" \/>\n<meta property=\"article:publisher\" content=\"https:\/\/www.facebook.com\/catsis.com.tr\" \/>\n<meta property=\"article:modified_time\" content=\"2025-06-11T08:35:36+00:00\" \/>\n<meta property=\"og:image\" content=\"https:\/\/www.catsis.com.tr\/wp-content\/uploads\/catsis-iletisim_catsis-contact.webp\" \/>\n\t<meta property=\"og:image:width\" content=\"740\" \/>\n\t<meta property=\"og:image:height\" content=\"592\" \/>\n\t<meta property=\"og:image:type\" content=\"image\/webp\" \/>\n<meta name=\"twitter:card\" content=\"summary_large_image\" \/>\n<meta name=\"twitter:site\" content=\"@Catsis_AS\" \/>\n<meta name=\"twitter:label1\" content=\"Est. reading time\" \/>\n\t<meta name=\"twitter:data1\" content=\"1 minute\" \/>\n<script type=\"application\/ld+json\" class=\"yoast-schema-graph\">{\"@context\":\"https:\\\/\\\/schema.org\",\"@graph\":[{\"@type\":\"WebPage\",\"@id\":\"https:\\\/\\\/www.catsis.com.tr\\\/en\\\/iletisim\\\/\",\"url\":\"https:\\\/\\\/www.catsis.com.tr\\\/en\\\/iletisim\\\/\",\"name\":\"Contact US - Catsis Felt Industry and Trade Inc.\",\"isPartOf\":{\"@id\":\"https:\\\/\\\/www.catsis.com.tr\\\/en\\\/#website\"},\"primaryImageOfPage\":{\"@id\":\"https:\\\/\\\/www.catsis.com.tr\\\/en\\\/iletisim\\\/#primaryimage\"},\"image\":{\"@id\":\"https:\\\/\\\/www.catsis.com.tr\\\/iletisim\\\/#primaryimage\"},\"thumbnailUrl\":\"https:\\\/\\\/www.catsis.com.tr\\\/wp-content\\\/uploads\\\/catsis-iletisim_catsis-contact.webp\",\"datePublished\":\"2022-06-08T08:41:18+00:00\",\"dateModified\":\"2025-06-11T08:35:36+00:00\",\"description\":\"Contact US, Catsis ileti\u015fim bilgileri nedir? Catsis Adres Bilgileri, Catsis Telefon Numaras\u0131, Catsis Harita. Catsis Fax numaras\u0131, Catsis Nerede ve Nas\u0131l gidilir. Catsis ke\u00e7e sanayi ula\u015f\u0131m bilgileri.\",\"breadcrumb\":{\"@id\":\"https:\\\/\\\/www.catsis.com.tr\\\/en\\\/iletisim\\\/#breadcrumb\"},\"inLanguage\":\"en-US\",\"potentialAction\":[{\"@type\":\"ReadAction\",\"target\":[[\"https:\\\/\\\/www.catsis.com.tr\\\/en\\\/iletisim\\\/\"]]}]},{\"@type\":\"ImageObject\",\"inLanguage\":\"en-US\",\"@id\":\"https:\\\/\\\/www.catsis.com.tr\\\/en\\\/iletisim\\\/#primaryimage\",\"url\":\"https:\\\/\\\/www.catsis.com.tr\\\/wp-content\\\/uploads\\\/catsis-iletisim_catsis-contact.webp\",\"contentUrl\":\"https:\\\/\\\/www.catsis.com.tr\\\/wp-content\\\/uploads\\\/catsis-iletisim_catsis-contact.webp\",\"width\":740,\"height\":592,\"caption\":\"Catsis ileti\u015fim, Catsis Contact us\"},{\"@type\":\"BreadcrumbList\",\"@id\":\"https:\\\/\\\/www.catsis.com.tr\\\/en\\\/iletisim\\\/#breadcrumb\",\"itemListElement\":[{\"@type\":\"ListItem\",\"position\":1,\"name\":\"Ana sayfa\",\"item\":\"https:\\\/\\\/www.catsis.com.tr\\\/en\\\/\"},{\"@type\":\"ListItem\",\"position\":2,\"name\":\"\u0130leti\u015fim\"}]},{\"@type\":\"WebSite\",\"@id\":\"https:\\\/\\\/www.catsis.com.tr\\\/en\\\/#website\",\"url\":\"https:\\\/\\\/www.catsis.com.tr\\\/en\\\/\",\"name\":\"Catsis Felt Industry and Trade Inc.\",\"description\":\"\",\"publisher\":{\"@id\":\"https:\\\/\\\/www.catsis.com.tr\\\/en\\\/#organization\"},\"potentialAction\":[{\"@type\":\"SearchAction\",\"target\":{\"@type\":\"EntryPoint\",\"urlTemplate\":\"https:\\\/\\\/www.catsis.com.tr\\\/en\\\/?s={search_term_string}\"},\"query-input\":{\"@type\":\"PropertyValueSpecification\",\"valueRequired\":true,\"valueName\":\"search_term_string\"}}],\"inLanguage\":\"en-US\"},{\"@type\":\"Organization\",\"@id\":\"https:\\\/\\\/www.catsis.com.tr\\\/en\\\/#organization\",\"name\":\"Catsis Ke\u00e7e Sanayi ve Ticaret A.\u015e.\",\"url\":\"https:\\\/\\\/www.catsis.com.tr\\\/en\\\/\",\"logo\":{\"@type\":\"ImageObject\",\"inLanguage\":\"en-US\",\"@id\":\"https:\\\/\\\/www.catsis.com.tr\\\/en\\\/#\\\/schema\\\/logo\\\/image\\\/\",\"url\":\"https:\\\/\\\/www.catsis.com.tr\\\/wp-content\\\/uploads\\\/Catsis_Web_logo.png\",\"contentUrl\":\"https:\\\/\\\/www.catsis.com.tr\\\/wp-content\\\/uploads\\\/Catsis_Web_logo.png\",\"width\":202,\"height\":102,\"caption\":\"Catsis Ke\u00e7e Sanayi ve Ticaret A.\u015e.\"},\"image\":{\"@id\":\"https:\\\/\\\/www.catsis.com.tr\\\/en\\\/#\\\/schema\\\/logo\\\/image\\\/\"},\"sameAs\":[\"https:\\\/\\\/www.facebook.com\\\/catsis.com.tr\",\"https:\\\/\\\/x.com\\\/Catsis_AS\",\"https:\\\/\\\/www.instagram.com\\\/catsis.com.tr\\\/\",\"https:\\\/\\\/www.pinterest.com\\\/CatsisAS\\\/\",\"https:\\\/\\\/www.youtube.com\\\/channel\\\/UCOqeMuSbH9mYV_MycZ8BDvg\",\"https:\\\/\\\/www.linkedin.com\\\/company\\\/catsis\"]}]}<\/script>\n<!-- \/ Yoast SEO plugin. -->","yoast_head_json":{"title":"Contact US - Catsis Felt Industry and Trade Inc.","description":"Contact US, Catsis ileti\u015fim bilgileri nedir? Catsis Adres Bilgileri, Catsis Telefon Numaras\u0131, Catsis Harita. Catsis Fax numaras\u0131, Catsis Nerede ve Nas\u0131l gidilir. Catsis ke\u00e7e sanayi ula\u015f\u0131m bilgileri.","robots":{"index":"index","follow":"follow","max-snippet":"max-snippet:-1","max-image-preview":"max-image-preview:large","max-video-preview":"max-video-preview:-1"},"canonical":"https:\/\/www.catsis.com.tr\/en\/iletisim\/","og_locale":"en_US","og_type":"article","og_title":"Contact US - Catsis Felt Industry and Trade Inc.","og_description":"Contact US, Catsis ileti\u015fim bilgileri nedir? Catsis Adres Bilgileri, Catsis Telefon Numaras\u0131, Catsis Harita. Catsis Fax numaras\u0131, Catsis Nerede ve Nas\u0131l gidilir. Catsis ke\u00e7e sanayi ula\u015f\u0131m bilgileri.","og_url":"https:\/\/www.catsis.com.tr\/en\/iletisim\/","og_site_name":"Catsis Felt Industry and Trade Inc.","article_publisher":"https:\/\/www.facebook.com\/catsis.com.tr","article_modified_time":"2025-06-11T08:35:36+00:00","og_image":[{"width":740,"height":592,"url":"https:\/\/www.catsis.com.tr\/wp-content\/uploads\/catsis-iletisim_catsis-contact.webp","type":"image\/webp"}],"twitter_card":"summary_large_image","twitter_site":"@Catsis_AS","twitter_misc":{"Est. reading time":"1 minute"},"schema":{"@context":"https:\/\/schema.org","@graph":[{"@type":"WebPage","@id":"https:\/\/www.catsis.com.tr\/en\/iletisim\/","url":"https:\/\/www.catsis.com.tr\/en\/iletisim\/","name":"Contact US - Catsis Felt Industry and Trade Inc.","isPartOf":{"@id":"https:\/\/www.catsis.com.tr\/en\/#website"},"primaryImageOfPage":{"@id":"https:\/\/www.catsis.com.tr\/en\/iletisim\/#primaryimage"},"image":{"@id":"https:\/\/www.catsis.com.tr\/iletisim\/#primaryimage"},"thumbnailUrl":"https:\/\/www.catsis.com.tr\/wp-content\/uploads\/catsis-iletisim_catsis-contact.webp","datePublished":"2022-06-08T08:41:18+00:00","dateModified":"2025-06-11T08:35:36+00:00","description":"Contact US, Catsis ileti\u015fim bilgileri nedir? Catsis Adres Bilgileri, Catsis Telefon Numaras\u0131, Catsis Harita. Catsis Fax numaras\u0131, Catsis Nerede ve Nas\u0131l gidilir. Catsis ke\u00e7e sanayi ula\u015f\u0131m bilgileri.","breadcrumb":{"@id":"https:\/\/www.catsis.com.tr\/en\/iletisim\/#breadcrumb"},"inLanguage":"en-US","potentialAction":[{"@type":"ReadAction","target":[["https:\/\/www.catsis.com.tr\/en\/iletisim\/"]]}]},{"@type":"ImageObject","inLanguage":"en-US","@id":"https:\/\/www.catsis.com.tr\/en\/iletisim\/#primaryimage","url":"https:\/\/www.catsis.com.tr\/wp-content\/uploads\/catsis-iletisim_catsis-contact.webp","contentUrl":"https:\/\/www.catsis.com.tr\/wp-content\/uploads\/catsis-iletisim_catsis-contact.webp","width":740,"height":592,"caption":"Catsis ileti\u015fim, Catsis Contact us"},{"@type":"BreadcrumbList","@id":"https:\/\/www.catsis.com.tr\/en\/iletisim\/#breadcrumb","itemListElement":[{"@type":"ListItem","position":1,"name":"Ana sayfa","item":"https:\/\/www.catsis.com.tr\/en\/"},{"@type":"ListItem","position":2,"name":"\u0130leti\u015fim"}]},{"@type":"WebSite","@id":"https:\/\/www.catsis.com.tr\/en\/#website","url":"https:\/\/www.catsis.com.tr\/en\/","name":"Catsis Felt Industry and Trade Inc.","description":"","publisher":{"@id":"https:\/\/www.catsis.com.tr\/en\/#organization"},"potentialAction":[{"@type":"SearchAction","target":{"@type":"EntryPoint","urlTemplate":"https:\/\/www.catsis.com.tr\/en\/?s={search_term_string}"},"query-input":{"@type":"PropertyValueSpecification","valueRequired":true,"valueName":"search_term_string"}}],"inLanguage":"en-US"},{"@type":"Organization","@id":"https:\/\/www.catsis.com.tr\/en\/#organization","name":"Catsis Ke\u00e7e Sanayi ve Ticaret A.\u015e.","url":"https:\/\/www.catsis.com.tr\/en\/","logo":{"@type":"ImageObject","inLanguage":"en-US","@id":"https:\/\/www.catsis.com.tr\/en\/#\/schema\/logo\/image\/","url":"https:\/\/www.catsis.com.tr\/wp-content\/uploads\/Catsis_Web_logo.png","contentUrl":"https:\/\/www.catsis.com.tr\/wp-content\/uploads\/Catsis_Web_logo.png","width":202,"height":102,"caption":"Catsis Ke\u00e7e Sanayi ve Ticaret A.\u015e."},"image":{"@id":"https:\/\/www.catsis.com.tr\/en\/#\/schema\/logo\/image\/"},"sameAs":["https:\/\/www.facebook.com\/catsis.com.tr","https:\/\/x.com\/Catsis_AS","https:\/\/www.instagram.com\/catsis.com.tr\/","https:\/\/www.pinterest.com\/CatsisAS\/","https:\/\/www.youtube.com\/channel\/UCOqeMuSbH9mYV_MycZ8BDvg","https:\/\/www.linkedin.com\/company\/catsis"]}]}},"_links":{"self":[{"href":"https:\/\/www.catsis.com.tr\/en\/wp-json\/wp\/v2\/pages\/100","targetHints":{"allow":["GET"]}}],"collection":[{"href":"https:\/\/www.catsis.com.tr\/en\/wp-json\/wp\/v2\/pages"}],"about":[{"href":"https:\/\/www.catsis.com.tr\/en\/wp-json\/wp\/v2\/types\/page"}],"author":[{"embeddable":true,"href":"https:\/\/www.catsis.com.tr\/en\/wp-json\/wp\/v2\/users\/2"}],"replies":[{"embeddable":true,"href":"https:\/\/www.catsis.com.tr\/en\/wp-json\/wp\/v2\/comments?post=100"}],"version-history":[{"count":3,"href":"https:\/\/www.catsis.com.tr\/en\/wp-json\/wp\/v2\/pages\/100\/revisions"}],"predecessor-version":[{"id":2638,"href":"https:\/\/www.catsis.com.tr\/en\/wp-json\/wp\/v2\/pages\/100\/revisions\/2638"}],"wp:featuredmedia":[{"embeddable":true,"href":"https:\/\/www.catsis.com.tr\/en\/wp-json\/wp\/v2\/media\/2285"}],"wp:attachment":[{"href":"https:\/\/www.catsis.com.tr\/en\/wp-json\/wp\/v2\/media?parent=100"}],"curies":[{"name":"wp","href":"https:\/\/api.w.org\/{rel}","templated":true}]}}